{"id":1337,"date":"2014-08-21T13:32:04","date_gmt":"2014-08-21T13:32:04","guid":{"rendered":"http:\/\/corretora.finaxis.com.br\/politica-de-privacidade-2\/"},"modified":"2016-09-14T15:00:38","modified_gmt":"2016-09-14T15:00:38","slug":"politica-de-privacidade","status":"publish","type":"page","link":"https:\/\/corretora.finaxis.com.br\/en\/politica-de-privacidade\/","title":{"rendered":"Privacy Policy"},"content":{"rendered":"<p><strong>Pol\u00edtica de Privacidade<\/strong><\/p>\n<p>A\u00a0pol\u00edtica de privacidade do Grupo <strong>FINAXIS<\/strong> foi formulada no intuito de garantir aos usu\u00e1rios dos nossos produtos e servi\u00e7os via portal, seguran\u00e7a e privacidade dos dados coletados.<\/p>\n<p>O nosso compromisso consiste em armazenar as informa\u00e7\u00f5es obtidas com seguran\u00e7a e sigilo, utilizar processo de criptografia de dados e n\u00e3o fornecer referidas informa\u00e7\u00f5es exceto em caso de determina\u00e7\u00e3o legal.<\/p>\n<p><strong>\u00a0<\/strong><strong>Dados pessoais<\/strong><\/p>\n<p>O fornecimento dos dados pessoais tem a finalidade \u00fanica e exclusiva de permitir que o usu\u00e1rio tenha acesso ao site e respectivas sess\u00f5es.<\/p>\n<p><strong>Uso de informa\u00e7\u00f5es<\/strong><\/p>\n<p>As informa\u00e7\u00f5es coletadas s\u00e3o armazenadas em nossos sistemas t\u00e3o somente para fornecer dados estat\u00edsticos gen\u00e9ricos sobre o acesso e a utiliza\u00e7\u00e3o efetiva das informa\u00e7\u00f5es disponibilizadas.<\/p>\n<p><strong>Seguran\u00e7a<\/strong><\/p>\n<p>O Grupo Petra atrav\u00e9s da presente assume o compromisso quanto \u00e0 seguran\u00e7a das informa\u00e7\u00f5es no acesso do portal, atrav\u00e9s de ferramentas de criptografia, firewall e softwares de seguran\u00e7a.<\/p>\n<p>A pol\u00edtica de privacidade est\u00e1 sujeita a altera\u00e7\u00f5es em raz\u00e3o das atualiza\u00e7\u00f5es constantes de nosso portal, portanto recomendamos a verifica\u00e7\u00e3o peri\u00f3dica.<\/p>\n","protected":false},"excerpt":{"rendered":"<p>Pol\u00edtica de Privacidade A\u00a0pol\u00edtica de privacidade do Grupo FINAXIS foi formulada no intuito de garantir aos usu\u00e1rios dos nossos produtos e servi\u00e7os via portal, seguran\u00e7a e privacidade dos dados coletados. O nosso compromisso consiste em armazenar as informa\u00e7\u00f5es obtidas com seguran\u00e7a e sigilo, utilizar processo de criptografia de dados e n\u00e3o fornecer referidas informa\u00e7\u00f5es exceto [&hellip;]<\/p>\n","protected":false},"author":1,"featured_media":0,"parent":0,"menu_order":0,"comment_status":"open","ping_status":"open","template":"","meta":[],"_links":{"self":[{"href":"https:\/\/corretora.finaxis.com.br\/en\/wp-json\/wp\/v2\/pages\/1337"}],"collection":[{"href":"https:\/\/corretora.finaxis.com.br\/en\/wp-json\/wp\/v2\/pages"}],"about":[{"href":"https:\/\/corretora.finaxis.com.br\/en\/wp-json\/wp\/v2\/types\/page"}],"author":[{"embeddable":true,"href":"https:\/\/corretora.finaxis.com.br\/en\/wp-json\/wp\/v2\/users\/1"}],"replies":[{"embeddable":true,"href":"https:\/\/corretora.finaxis.com.br\/en\/wp-json\/wp\/v2\/comments?post=1337"}],"version-history":[{"count":1,"href":"https:\/\/corretora.finaxis.com.br\/en\/wp-json\/wp\/v2\/pages\/1337\/revisions"}],"predecessor-version":[{"id":3810,"href":"https:\/\/corretora.finaxis.com.br\/en\/wp-json\/wp\/v2\/pages\/1337\/revisions\/3810"}],"wp:attachment":[{"href":"https:\/\/corretora.finaxis.com.br\/en\/wp-json\/wp\/v2\/media?parent=1337"}],"curies":[{"name":"wp","href":"https:\/\/api.w.org\/{rel}","templated":true}]}}