{"id":1361,"date":"2014-08-21T13:23:37","date_gmt":"2014-08-21T13:23:37","guid":{"rendered":"http:\/\/corretora.finaxis.com.br\/termos-de-uso-2\/"},"modified":"2016-09-14T15:01:51","modified_gmt":"2016-09-14T15:01:51","slug":"termos-de-uso","status":"publish","type":"page","link":"https:\/\/corretora.finaxis.com.br\/en\/termos-de-uso\/","title":{"rendered":"Seguran\u00e7a e Termos de uso"},"content":{"rendered":"<ol>\n<li>A FINAXIS estabelece atrav\u00e9s do presente Termo de Uso, as condi\u00e7\u00f5es para utiliza\u00e7\u00e3o do website (endere\u00e7o do site), de forma a esclarecer as obriga\u00e7\u00f5es e responsabilidades de seus usu\u00e1rios.<\/li>\n<li>Para os fins deste Termo, usu\u00e1rios s\u00e3o todas as pessoas f\u00edsicas, maiores de 18 (dezoito) anos ou emancipadas e totalmente capazes de praticar os atos da vida civil, que acessam o website. Os usu\u00e1rios absolutamente ou relativamente incapazes dever\u00e3o ser representados e\/ou assistidos por seus representantes legais.<\/li>\n<li>Ao acessar esse website, o usu\u00e1rio concorda e aceita integralmente as condi\u00e7\u00f5es deste Termo de Uso.<\/li>\n<li>As marcas contidas neste \u201csite\u201d s\u00e3o de titularidade da FINAXIS e n\u00e3o podem ser utilizadas por terceiros para qualquer finalidade que seja<strong>.<\/strong><\/li>\n<li>Toda e qualquer informa\u00e7\u00e3o ou an\u00e1lise t\u00e9cnica contida neste &#8220;website&#8221; deve ser tratada como mera contribui\u00e7\u00e3o para os nossos clientes, com objetivo de permitir maior transpar\u00eancia das opera\u00e7\u00f5es e acesso \u00e0s opini\u00f5es dispon\u00edveis no mercado, e fornecer informa\u00e7\u00f5es acess\u00edveis aos demais investidores do mercado para auxili\u00e1-los nas decis\u00f5es de investimento, n\u00e3o constituindo solicita\u00e7\u00e3o, sugest\u00e3o ou oferta da FINAXIS para compra ou venda de quaisquer t\u00edtulos ou ativos financeiros, ou induzimento \u00e0 realiza\u00e7\u00e3o de opera\u00e7\u00f5es no mercado financeiro, de valores mobili\u00e1rios ou para aplica\u00e7\u00e3o em quaisquer outros instrumentos ou produtos .<\/li>\n<li>A FINAXIS est\u00e1 disponibilizando aos seus clientes uma ferramenta para a realiza\u00e7\u00e3o de algumas opera\u00e7\u00f5es financeiras previstas no &#8220;website&#8221;, por\u00e9m n\u00e3o est\u00e1 prestando consultoria de investimento e tampouco produtos financeiros, nem indica\u00e7\u00f5es de rentabilidade, liquidez, adequa\u00e7\u00e3o ou riscos, n\u00e3o prometendo ou assumindo a responsabilidade por qualquer resultado. A decis\u00e3o pelo tipo de investimento, produto ou servi\u00e7o \u00e9 de responsabilidade exclusiva do cliente.<\/li>\n<li>Toda e qualquer informa\u00e7\u00e3o,conte\u00fado, produtos e servi\u00e7os oferecidos neste &#8220;website&#8221;, constituem mera liberalidade, podendo ser alterados, cancelados ou suprimidos a qualquer tempo, sem aviso pr\u00e9vio, a crit\u00e9rio exclusivo da FINAXIS.<\/li>\n<li>A efetiva\u00e7\u00e3o de qualquer opera\u00e7\u00e3o ou servi\u00e7o solicitado pelo cliente est\u00e1 sujeita \u00e0 aprova\u00e7\u00e3o da FINAXIS, especialmente com rela\u00e7\u00e3o a limites e cadastro. As opera\u00e7\u00f5es dever\u00e3o estar em conformidade com as regras do mercado, compat\u00edveis com a legisla\u00e7\u00e3o vigente e as normas dispostas neste &#8220;website&#8221; para o respectivo produto ou servi\u00e7o.<\/li>\n<li>Em respeito \u00e0 legisla\u00e7\u00e3o em vigor, os clientes vinculados a CORRETORA \u00f3 podem transferir recursos para a conta da FINAXIS oriundos de contas correntes banc\u00e1rias de sua titularidade.<\/li>\n<li>Toda e qualquer opera\u00e7\u00e3o e\/ou movimenta\u00e7\u00e3o financeira que configure ou apresente ind\u00edcio de crimes capitulados na Lei n\u00ba 9.613 (lavagem de dinheiro), ser\u00e1 devidamente comunicada ao \u00f3rg\u00e3o competente.<\/li>\n<li>A FINAXIS, ao implementar a sua pol\u00edtica de controle de risco, estabelecer\u00e1 limites de negocia\u00e7\u00e3o para os clientes, reservando-se o direito de n\u00e3o acatar ordens, podendo exigir pr\u00e9vio dep\u00f3sito dos t\u00edtulos a serem vendidos ou, no caso de compra, o pr\u00e9vio dep\u00f3sito de numer\u00e1rio equivalente.<\/li>\n<li>A FINAXIS n\u00e3o garante o resgate, a liquidez ou a valoriza\u00e7\u00e3o de qualquer ativo adquirido pelo cliente, pois atua como mera intermediadora na compra e venda de ativos, raz\u00e3o pela qual \u00e9 isenta de responsabilidades por perdas e danos de qualquer natureza, resultantes de investimentos realizados por interm\u00e9dio deste &#8220;website&#8221;.<\/li>\n<li>A FINAXIS bem como seus diretores, gerentes e funcion\u00e1rios em geral, n\u00e3o poder\u00e3o ser responsabilizados por perdas ou danos de qualquer natureza, que o cliente ou terceiros venham a sofrer em decorr\u00eancia:<\/li>\n<\/ol>\n<p>a. Do conte\u00fado inserido neste &#8220;website&#8221;, pois o mesmo \u00e9 meramente informativo;<\/p>\n<p>b \u00a0Do acesso n\u00e3o autorizado a este &#8220;website&#8221;;<\/p>\n<p>c.\u00a0Da intercepta\u00e7\u00e3o por terceiros n\u00e3o autorizados de qualquer informa\u00e7\u00e3o, material t\u00e9cnico ou outro conte\u00fado dispon\u00edvel neste &#8220;website&#8221;;<\/p>\n<p>d.\u00a0Do mau uso deste &#8220;website&#8221; ou de seus aplicativos e sistemas;<\/p>\n<p>e.\u00a0Da eventualidade de qualquer falha, dificuldade, impossibilidade ou interrup\u00e7\u00e3o no acesso ou na utiliza\u00e7\u00e3o deste &#8220;website&#8221;, de seus sistemas, aplicativos, conte\u00fados, produtos ou servi\u00e7os, decorrentes de caso fortuito ou for\u00e7a maior, ou de ato ou omiss\u00e3o de terceiros respons\u00e1veis pela elabora\u00e7\u00e3o, manuten\u00e7\u00e3o, suporte, acesso e hospedagem deste &#8220;website&#8221; e de seus conte\u00fados, aplicativos e sistemas. \u00c9 importante lembrar que caso o cliente acesse algum &#8220;link&#8221; contido neste &#8220;website&#8221; e visualize conte\u00fados n\u00e3o fornecidos pela FINAXIS, o cliente o far\u00e1 por sua conta e risco.<\/p>\n<p>14. A FINAXIS bem como seus diretores, gerentes e funcion\u00e1rios em geral, n\u00e3o poder\u00e3o ser responsabilizados por perdas ou danos de qualquer natureza, que o cliente ou terceiros venham a sofrer em decorr\u00eancia:<\/p>\n<p>15. Os visitantes do &#8220;website&#8221; poder\u00e3o imprimir ou armazenar em disco r\u00edgido, parte deste website, exclusivamente para seu uso pessoal, n\u00e3o sendo permitido reproduzir o material impresso ou armazenado, entreg\u00e1-lo ou copi\u00e1-lo a terceiros.<\/p>\n<p>16. Para garantir maior seguran\u00e7a no ambiente de negocia\u00e7\u00e3o eletr\u00f4nica, a FINAXIS adota a seguinte pol\u00edtica de seguran\u00e7a:<\/p>\n<p>a.\u00a0Firewall para prote\u00e7\u00e3o de nossos servidores e servi\u00e7os;<\/p>\n<p>b. Banco de Dados para armazenamento das informa\u00e7\u00f5es de forma criptografada e de acesso controlado;<\/p>\n<p>c.\u00a0Estrutura de Backup de todos os dados envolvidos;<\/p>\n<p>d.\u00a0A senhas s\u00e3o pessoais, intrasfer\u00edveis e de total responsabilidade do usu\u00e1rio, podendo o mesmo altera-las a qualquer momento via website;<\/p>\n<p>e.\u00a0Se detectado o mau uso dos recursos de negocia\u00e7\u00e3o eletr\u00f4nica via Internet, a corretora se reserva no direito de bloquear o acesso ao sistema bem como a negocia\u00e7\u00e3o sem pr\u00e9vio aviso.<\/p>\n<p>Caso alguma destas situa\u00e7\u00f5es ocorra, o usu\u00e1rio investidor dever\u00e1 entrar em contato diretamente com a FINAXIS.<\/p>\n","protected":false},"excerpt":{"rendered":"<p>A FINAXIS estabelece atrav\u00e9s do presente Termo de Uso, as condi\u00e7\u00f5es para utiliza\u00e7\u00e3o do website (endere\u00e7o do site), de forma a esclarecer as obriga\u00e7\u00f5es e responsabilidades de seus usu\u00e1rios. Para os fins deste Termo, usu\u00e1rios s\u00e3o todas as pessoas f\u00edsicas, maiores de 18 (dezoito) anos ou emancipadas e totalmente capazes de praticar os atos da [&hellip;]<\/p>\n","protected":false},"author":1,"featured_media":0,"parent":0,"menu_order":0,"comment_status":"open","ping_status":"open","template":"","meta":[],"_links":{"self":[{"href":"https:\/\/corretora.finaxis.com.br\/en\/wp-json\/wp\/v2\/pages\/1361"}],"collection":[{"href":"https:\/\/corretora.finaxis.com.br\/en\/wp-json\/wp\/v2\/pages"}],"about":[{"href":"https:\/\/corretora.finaxis.com.br\/en\/wp-json\/wp\/v2\/types\/page"}],"author":[{"embeddable":true,"href":"https:\/\/corretora.finaxis.com.br\/en\/wp-json\/wp\/v2\/users\/1"}],"replies":[{"embeddable":true,"href":"https:\/\/corretora.finaxis.com.br\/en\/wp-json\/wp\/v2\/comments?post=1361"}],"version-history":[{"count":1,"href":"https:\/\/corretora.finaxis.com.br\/en\/wp-json\/wp\/v2\/pages\/1361\/revisions"}],"predecessor-version":[{"id":3812,"href":"https:\/\/corretora.finaxis.com.br\/en\/wp-json\/wp\/v2\/pages\/1361\/revisions\/3812"}],"wp:attachment":[{"href":"https:\/\/corretora.finaxis.com.br\/en\/wp-json\/wp\/v2\/media?parent=1361"}],"curies":[{"name":"wp","href":"https:\/\/api.w.org\/{rel}","templated":true}]}}